{"id":1221,"date":"2021-03-02T20:15:35","date_gmt":"2021-03-02T20:15:35","guid":{"rendered":"https:\/\/casalagitanilla.es\/?page_id=1221"},"modified":"2021-10-02T10:44:49","modified_gmt":"2021-10-02T10:44:49","slug":"tarifas","status":"publish","type":"page","link":"https:\/\/casalagitanilla.es\/index.php\/tarifas\/","title":{"rendered":"Tarifas"},"content":{"rendered":"\t\t<div data-elementor-type=\"wp-page\" data-elementor-id=\"1221\" class=\"elementor elementor-1221\">\n\t\t\t\t\t\t<section class=\"elementor-section elementor-top-section elementor-element elementor-element-656ff4b1 elementor-section-boxed elementor-section-height-default elementor-section-height-default\" data-id=\"656ff4b1\" data-element_type=\"section\" data-settings=\"{&quot;background_background&quot;:&quot;classic&quot;}\">\n\t\t\t\t\t\t<div class=\"elementor-container elementor-column-gap-no\">\n\t\t\t\t\t<div class=\"elementor-column elementor-col-100 elementor-top-column elementor-element elementor-element-42e5ba9d\" data-id=\"42e5ba9d\" data-element_type=\"column\">\n\t\t\t<div class=\"elementor-widget-wrap elementor-element-populated\">\n\t\t\t\t\t\t<div class=\"elementor-element elementor-element-6d3ca4ff elementor-widget-divider--view-line elementor-widget elementor-widget-divider\" data-id=\"6d3ca4ff\" data-element_type=\"widget\" data-widget_type=\"divider.default\">\n\t\t\t\t<div class=\"elementor-widget-container\">\n\t\t\t\t\t\t\t<div class=\"elementor-divider\">\n\t\t\t<span class=\"elementor-divider-separator\">\n\t\t\t\t\t\t<\/span>\n\t\t<\/div>\n\t\t\t\t\t\t<\/div>\n\t\t\t\t<\/div>\n\t\t\t\t<div class=\"elementor-element elementor-element-35752e20 elementor-widget elementor-widget-heading\" data-id=\"35752e20\" data-element_type=\"widget\" data-widget_type=\"heading.default\">\n\t\t\t\t<div class=\"elementor-widget-container\">\n\t\t\t\t\t<h1 class=\"elementor-heading-title elementor-size-default\">Tarifas<\/h1>\t\t\t\t<\/div>\n\t\t\t\t<\/div>\n\t\t\t\t<div class=\"elementor-element elementor-element-699fbe78 elementor-widget elementor-widget-image\" data-id=\"699fbe78\" data-element_type=\"widget\" data-widget_type=\"image.default\">\n\t\t\t\t<div class=\"elementor-widget-container\">\n\t\t\t\t\t\t\t\t\t\t\t\t\t\t\t<img decoding=\"async\" data-src=\"https:\/\/casalagitanilla.es\/wp-content\/uploads\/2021\/01\/yellow-diamond-shape.svg\" class=\"attachment-full size-full wp-image-10 lazyload\" alt=\"\" src=\"data:image\/svg+xml;base64,PHN2ZyB3aWR0aD0iMSIgaGVpZ2h0PSIxIiB4bWxucz0iaHR0cDovL3d3dy53My5vcmcvMjAwMC9zdmciPjwvc3ZnPg==\" \/>\t\t\t\t\t\t\t\t\t\t\t\t\t\t\t<\/div>\n\t\t\t\t<\/div>\n\t\t\t\t\t<\/div>\n\t\t<\/div>\n\t\t\t\t\t<\/div>\n\t\t<\/section>\n\t\t\t\t<section class=\"elementor-section elementor-top-section elementor-element elementor-element-7d4fa72a elementor-section-boxed elementor-section-height-default elementor-section-height-default\" data-id=\"7d4fa72a\" data-element_type=\"section\">\n\t\t\t\t\t\t<div class=\"elementor-container elementor-column-gap-no\">\n\t\t\t\t\t<div class=\"elementor-column elementor-col-100 elementor-top-column elementor-element elementor-element-3a576a29\" data-id=\"3a576a29\" data-element_type=\"column\">\n\t\t\t<div class=\"elementor-widget-wrap elementor-element-populated\">\n\t\t\t\t\t\t<section class=\"elementor-section elementor-inner-section elementor-element elementor-element-19c58f2f elementor-section-boxed elementor-section-height-default elementor-section-height-default\" data-id=\"19c58f2f\" data-element_type=\"section\">\n\t\t\t\t\t\t<div class=\"elementor-container elementor-column-gap-no\">\n\t\t\t\t\t<div class=\"elementor-column elementor-col-33 elementor-inner-column elementor-element elementor-element-7ed30d0c\" data-id=\"7ed30d0c\" data-element_type=\"column\">\n\t\t\t<div class=\"elementor-widget-wrap elementor-element-populated\">\n\t\t\t\t\t\t<div class=\"elementor-element elementor-element-43fdf34a elementor-widget elementor-widget-heading\" data-id=\"43fdf34a\" data-element_type=\"widget\" data-widget_type=\"heading.default\">\n\t\t\t\t<div class=\"elementor-widget-container\">\n\t\t\t\t\t<h4 class=\"elementor-heading-title elementor-size-default\">Apartamento superior - El Loft<\/h4>\t\t\t\t<\/div>\n\t\t\t\t<\/div>\n\t\t\t\t<div class=\"elementor-element elementor-element-89b0a3e elementor-widget elementor-widget-text-editor\" data-id=\"89b0a3e\" data-element_type=\"widget\" data-widget_type=\"text-editor.default\">\n\t\t\t\t<div class=\"elementor-widget-container\">\n\t\t\t\t\t\t\t\t\t<ul><li>A partir de 80,00 \u20ac \/noche<\/li><\/ul>\t\t\t\t\t\t\t\t<\/div>\n\t\t\t\t<\/div>\n\t\t\t\t<div class=\"elementor-element elementor-element-730d4b1 elementor-align-center elementor-widget elementor-widget-button\" data-id=\"730d4b1\" data-element_type=\"widget\" data-widget_type=\"button.default\">\n\t\t\t\t<div class=\"elementor-widget-container\">\n\t\t\t\t\t\t\t\t\t<div class=\"elementor-button-wrapper\">\n\t\t\t\t\t<a class=\"elementor-button elementor-size-sm\" role=\"button\">\n\t\t\t\t\t\t<span class=\"elementor-button-content-wrapper\">\n\t\t\t\t\t\t\t\t\t<span class=\"elementor-button-text\">Reservar en el 689 657 521<\/span>\n\t\t\t\t\t<\/span>\n\t\t\t\t\t<\/a>\n\t\t\t\t<\/div>\n\t\t\t\t\t\t\t\t<\/div>\n\t\t\t\t<\/div>\n\t\t\t\t\t<\/div>\n\t\t<\/div>\n\t\t\t\t<div class=\"elementor-column elementor-col-33 elementor-inner-column elementor-element elementor-element-934c682\" data-id=\"934c682\" data-element_type=\"column\">\n\t\t\t<div class=\"elementor-widget-wrap elementor-element-populated\">\n\t\t\t\t\t\t<div class=\"elementor-element elementor-element-35c2aabf elementor-widget elementor-widget-heading\" data-id=\"35c2aabf\" data-element_type=\"widget\" data-widget_type=\"heading.default\">\n\t\t\t\t<div class=\"elementor-widget-container\">\n\t\t\t\t\t<h4 class=\"elementor-heading-title elementor-size-default\">Apartamento planta baja<\/h4>\t\t\t\t<\/div>\n\t\t\t\t<\/div>\n\t\t\t\t<div class=\"elementor-element elementor-element-d826f73 elementor-widget elementor-widget-text-editor\" data-id=\"d826f73\" data-element_type=\"widget\" data-widget_type=\"text-editor.default\">\n\t\t\t\t<div class=\"elementor-widget-container\">\n\t\t\t\t\t\t\t\t\t<ul><li>A partir de 60,00 \u20ac \/noche<\/li><\/ul>\t\t\t\t\t\t\t\t<\/div>\n\t\t\t\t<\/div>\n\t\t\t\t<div class=\"elementor-element elementor-element-bf5ce10 elementor-align-center elementor-widget elementor-widget-button\" data-id=\"bf5ce10\" data-element_type=\"widget\" data-widget_type=\"button.default\">\n\t\t\t\t<div class=\"elementor-widget-container\">\n\t\t\t\t\t\t\t\t\t<div class=\"elementor-button-wrapper\">\n\t\t\t\t\t<a class=\"elementor-button elementor-size-sm\" role=\"button\">\n\t\t\t\t\t\t<span class=\"elementor-button-content-wrapper\">\n\t\t\t\t\t\t\t\t\t<span class=\"elementor-button-text\">Reservar en el 689 657 521<\/span>\n\t\t\t\t\t<\/span>\n\t\t\t\t\t<\/a>\n\t\t\t\t<\/div>\n\t\t\t\t\t\t\t\t<\/div>\n\t\t\t\t<\/div>\n\t\t\t\t\t<\/div>\n\t\t<\/div>\n\t\t\t\t<div class=\"elementor-column elementor-col-33 elementor-inner-column elementor-element elementor-element-1a318c82\" data-id=\"1a318c82\" data-element_type=\"column\">\n\t\t\t<div class=\"elementor-widget-wrap elementor-element-populated\">\n\t\t\t\t\t\t<div class=\"elementor-element elementor-element-3f76a680 elementor-widget elementor-widget-heading\" data-id=\"3f76a680\" data-element_type=\"widget\" data-widget_type=\"heading.default\">\n\t\t\t\t<div class=\"elementor-widget-container\">\n\t\t\t\t\t<h4 class=\"elementor-heading-title elementor-size-default\">Entrada y salida<\/h4>\t\t\t\t<\/div>\n\t\t\t\t<\/div>\n\t\t\t\t<div class=\"elementor-element elementor-element-c3912b6 elementor-widget elementor-widget-text-editor\" data-id=\"c3912b6\" data-element_type=\"widget\" data-widget_type=\"text-editor.default\">\n\t\t\t\t<div class=\"elementor-widget-container\">\n\t\t\t\t\t\t\t\t\t<p>Check in: de 14:00 h a 14:30 h<\/p><p>Check out: 11:00 h<\/p><p>*Se puede avisar para acordar otro horario.<\/p>\t\t\t\t\t\t\t\t<\/div>\n\t\t\t\t<\/div>\n\t\t\t\t\t<\/div>\n\t\t<\/div>\n\t\t\t\t\t<\/div>\n\t\t<\/section>\n\t\t\t\t\t<\/div>\n\t\t<\/div>\n\t\t\t\t\t<\/div>\n\t\t<\/section>\n\t\t\t\t<section class=\"elementor-section elementor-top-section elementor-element elementor-element-460276b9 elementor-section-boxed elementor-section-height-default elementor-section-height-default\" data-id=\"460276b9\" data-element_type=\"section\" data-settings=\"{&quot;background_background&quot;:&quot;classic&quot;}\">\n\t\t\t\t\t\t<div class=\"elementor-container elementor-column-gap-no\">\n\t\t\t\t\t<div class=\"elementor-column elementor-col-100 elementor-top-column elementor-element elementor-element-25dfe704\" data-id=\"25dfe704\" data-element_type=\"column\">\n\t\t\t<div class=\"elementor-widget-wrap elementor-element-populated\">\n\t\t\t\t\t\t<div class=\"elementor-element elementor-element-c19e706 elementor-widget-divider--view-line elementor-widget elementor-widget-divider\" data-id=\"c19e706\" data-element_type=\"widget\" data-widget_type=\"divider.default\">\n\t\t\t\t<div class=\"elementor-widget-container\">\n\t\t\t\t\t\t\t<div class=\"elementor-divider\">\n\t\t\t<span class=\"elementor-divider-separator\">\n\t\t\t\t\t\t<\/span>\n\t\t<\/div>\n\t\t\t\t\t\t<\/div>\n\t\t\t\t<\/div>\n\t\t\t\t<div class=\"elementor-element elementor-element-184a6221 elementor-widget elementor-widget-heading\" data-id=\"184a6221\" data-element_type=\"widget\" data-widget_type=\"heading.default\">\n\t\t\t\t<div class=\"elementor-widget-container\">\n\t\t\t\t\t<h2 class=\"elementor-heading-title elementor-size-default\">A tener en cuenta<\/h2>\t\t\t\t<\/div>\n\t\t\t\t<\/div>\n\t\t\t\t<div class=\"elementor-element elementor-element-7672fcd elementor-widget elementor-widget-text-editor\" data-id=\"7672fcd\" data-element_type=\"widget\" data-widget_type=\"text-editor.default\">\n\t\t\t\t<div class=\"elementor-widget-container\">\n\t\t\t\t\t\t\t\t\t<ul><li>Se aceptan mascotas, aunque pueden conllevar un suplemento (consultar antes)<\/li><li>No se pueden a\u00f1adir cunas en este alojamiento.<\/li><li>No se pueden a\u00f1adir camas supletorias en este alojamiento.<\/li><\/ul><div class=\"c-child-policies__supplements\">\u00a0<\/div>\t\t\t\t\t\t\t\t<\/div>\n\t\t\t\t<\/div>\n\t\t\t\t<div class=\"elementor-element elementor-element-f623b28 elementor-align-center elementor-widget elementor-widget-button\" data-id=\"f623b28\" data-element_type=\"widget\" data-widget_type=\"button.default\">\n\t\t\t\t<div class=\"elementor-widget-container\">\n\t\t\t\t\t\t\t\t\t<div class=\"elementor-button-wrapper\">\n\t\t\t\t\t<a class=\"elementor-button elementor-button-link elementor-size-sm\" href=\"mailto:casalagitanilla@gmail.com\">\n\t\t\t\t\t\t<span class=\"elementor-button-content-wrapper\">\n\t\t\t\t\t\t\t\t\t<span class=\"elementor-button-text\">Email<\/span>\n\t\t\t\t\t<\/span>\n\t\t\t\t\t<\/a>\n\t\t\t\t<\/div>\n\t\t\t\t\t\t\t\t<\/div>\n\t\t\t\t<\/div>\n\t\t\t\t<div class=\"elementor-element elementor-element-e8bc20e elementor-widget elementor-widget-image\" data-id=\"e8bc20e\" data-element_type=\"widget\" data-widget_type=\"image.default\">\n\t\t\t\t<div class=\"elementor-widget-container\">\n\t\t\t\t\t\t\t\t\t\t\t\t\t\t\t<img decoding=\"async\" data-src=\"https:\/\/casalagitanilla.es\/wp-content\/uploads\/2021\/01\/yellow-diamond-shape.svg\" class=\"attachment-full size-full wp-image-10 lazyload\" alt=\"\" src=\"data:image\/svg+xml;base64,PHN2ZyB3aWR0aD0iMSIgaGVpZ2h0PSIxIiB4bWxucz0iaHR0cDovL3d3dy53My5vcmcvMjAwMC9zdmciPjwvc3ZnPg==\" \/>\t\t\t\t\t\t\t\t\t\t\t\t\t\t\t<\/div>\n\t\t\t\t<\/div>\n\t\t\t\t\t<\/div>\n\t\t<\/div>\n\t\t\t\t\t<\/div>\n\t\t<\/section>\n\t\t\t\t<\/div>\n\t\t","protected":false},"excerpt":{"rendered":"<p>Tarifas Apartamento superior &#8211; El Loft A partir de 80,00 \u20ac \/noche Reservar en el 689 657 521 Apartamento planta baja A partir de 60,00 \u20ac \/noche Reservar en el 689 657 521 Entrada y salida Check in: de 14:00 h a 14:30 h Check out: 11:00 h *Se puede avisar para acordar otro horario. [&hellip;]<\/p>\n","protected":false},"author":1,"featured_media":533,"parent":0,"menu_order":0,"comment_status":"closed","ping_status":"closed","template":"","meta":{"site-sidebar-layout":"no-sidebar","site-content-layout":"page-builder","ast-site-content-layout":"","site-content-style":"default","site-sidebar-style":"default","ast-global-header-display":"","ast-banner-title-visibility":"","ast-main-header-display":"","ast-hfb-above-header-display":"","ast-hfb-below-header-display":"","ast-hfb-mobile-header-display":"","site-post-title":"disabled","ast-breadcrumbs-content":"disabled","ast-featured-img":"disabled","footer-sml-layout":"","theme-transparent-header-meta":"enabled","adv-header-id-meta":"","stick-header-meta":"","header-above-stick-meta":"","header-main-stick-meta":"","header-below-stick-meta":"","astra-migrate-meta-layouts":"default","ast-page-background-enabled":"default","ast-page-background-meta":{"desktop":{"background-color":"","background-image":"","background-repeat":"repeat","background-position":"center center","background-size":"auto","background-attachment":"scroll","background-type":"","background-media":"","overlay-type":"","overlay-color":"","overlay-gradient":""},"tablet":{"background-color":"","background-image":"","background-repeat":"repeat","background-position":"center center","background-size":"auto","background-attachment":"scroll","background-type":"","background-media":"","overlay-type":"","overlay-color":"","overlay-gradient":""},"mobile":{"background-color":"","background-image":"","background-repeat":"repeat","background-position":"center center","background-size":"auto","background-attachment":"scroll","background-type":"","background-media":"","overlay-type":"","overlay-color":"","overlay-gradient":""}},"ast-content-background-meta":{"desktop":{"background-color":"var(--ast-global-color-5)","background-image":"","background-repeat":"repeat","background-position":"center center","background-size":"auto","background-attachment":"scroll","background-type":"","background-media":"","overlay-type":"","overlay-color":"","overlay-gradient":""},"tablet":{"background-color":"var(--ast-global-color-5)","background-image":"","background-repeat":"repeat","background-position":"center center","background-size":"auto","background-attachment":"scroll","background-type":"","background-media":"","overlay-type":"","overlay-color":"","overlay-gradient":""},"mobile":{"background-color":"var(--ast-global-color-5)","background-image":"","background-repeat":"repeat","background-position":"center center","background-size":"auto","background-attachment":"scroll","background-type":"","background-media":"","overlay-type":"","overlay-color":"","overlay-gradient":""}},"footnotes":""},"class_list":["post-1221","page","type-page","status-publish","has-post-thumbnail","hentry"],"yoast_head":"<!-- This site is optimized with the Yoast SEO plugin v26.8 - https:\/\/yoast.com\/product\/yoast-seo-wordpress\/ -->\n<title>Tarifas - Apartamentos tur\u00edsticos rurales La Gitanilla<\/title>\n<meta name=\"description\" content=\"Los apartamentos tur\u00edsticos rurales La Gitanilla est\u00e1n totalmente equipados. Se encuentran en una gran finca con vistas a la monta\u00f1a.\" \/>\n<meta name=\"robots\" content=\"index, follow, max-snippet:-1, max-image-preview:large, max-video-preview:-1\" \/>\n<link rel=\"canonical\" href=\"https:\/\/casalagitanilla.es\/index.php\/tarifas\/\" \/>\n<meta property=\"og:locale\" content=\"es_ES\" \/>\n<meta property=\"og:type\" content=\"article\" \/>\n<meta property=\"og:title\" content=\"Tarifas - Apartamentos tur\u00edsticos rurales La Gitanilla\" \/>\n<meta property=\"og:description\" content=\"Los apartamentos tur\u00edsticos rurales La Gitanilla est\u00e1n totalmente equipados. Se encuentran en una gran finca con vistas a la monta\u00f1a.\" \/>\n<meta property=\"og:url\" content=\"https:\/\/casalagitanilla.es\/index.php\/tarifas\/\" \/>\n<meta property=\"og:site_name\" content=\"La gitanilla\" \/>\n<meta property=\"article:modified_time\" content=\"2021-10-02T10:44:49+00:00\" \/>\n<meta property=\"og:image\" content=\"https:\/\/casalagitanilla.es\/wp-content\/uploads\/2021\/03\/DSCF5266-scaled.jpg\" \/>\n\t<meta property=\"og:image:width\" content=\"2560\" \/>\n\t<meta property=\"og:image:height\" content=\"1920\" \/>\n\t<meta property=\"og:image:type\" content=\"image\/jpeg\" \/>\n<meta name=\"twitter:card\" content=\"summary_large_image\" \/>\n<meta name=\"twitter:label1\" content=\"Tiempo de lectura\" \/>\n\t<meta name=\"twitter:data1\" content=\"1 minuto\" \/>\n<script type=\"application\/ld+json\" class=\"yoast-schema-graph\">{\"@context\":\"https:\/\/schema.org\",\"@graph\":[{\"@type\":\"WebPage\",\"@id\":\"https:\/\/casalagitanilla.es\/index.php\/tarifas\/\",\"url\":\"https:\/\/casalagitanilla.es\/index.php\/tarifas\/\",\"name\":\"Tarifas - Apartamentos tur\u00edsticos rurales La Gitanilla\",\"isPartOf\":{\"@id\":\"https:\/\/casalagitanilla.es\/#website\"},\"primaryImageOfPage\":{\"@id\":\"https:\/\/casalagitanilla.es\/index.php\/tarifas\/#primaryimage\"},\"image\":{\"@id\":\"https:\/\/casalagitanilla.es\/index.php\/tarifas\/#primaryimage\"},\"thumbnailUrl\":\"https:\/\/casalagitanilla.es\/wp-content\/uploads\/2021\/03\/DSCF5266-scaled.jpg\",\"datePublished\":\"2021-03-02T20:15:35+00:00\",\"dateModified\":\"2021-10-02T10:44:49+00:00\",\"description\":\"Los apartamentos tur\u00edsticos rurales La Gitanilla est\u00e1n totalmente equipados. Se encuentran en una gran finca con vistas a la monta\u00f1a.\",\"breadcrumb\":{\"@id\":\"https:\/\/casalagitanilla.es\/index.php\/tarifas\/#breadcrumb\"},\"inLanguage\":\"es\",\"potentialAction\":[{\"@type\":\"ReadAction\",\"target\":[\"https:\/\/casalagitanilla.es\/index.php\/tarifas\/\"]}]},{\"@type\":\"ImageObject\",\"inLanguage\":\"es\",\"@id\":\"https:\/\/casalagitanilla.es\/index.php\/tarifas\/#primaryimage\",\"url\":\"https:\/\/casalagitanilla.es\/wp-content\/uploads\/2021\/03\/DSCF5266-scaled.jpg\",\"contentUrl\":\"https:\/\/casalagitanilla.es\/wp-content\/uploads\/2021\/03\/DSCF5266-scaled.jpg\",\"width\":2560,\"height\":1920},{\"@type\":\"BreadcrumbList\",\"@id\":\"https:\/\/casalagitanilla.es\/index.php\/tarifas\/#breadcrumb\",\"itemListElement\":[{\"@type\":\"ListItem\",\"position\":1,\"name\":\"Portada\",\"item\":\"https:\/\/casalagitanilla.es\/\"},{\"@type\":\"ListItem\",\"position\":2,\"name\":\"Tarifas\"}]},{\"@type\":\"WebSite\",\"@id\":\"https:\/\/casalagitanilla.es\/#website\",\"url\":\"https:\/\/casalagitanilla.es\/\",\"name\":\"La gitanilla\",\"description\":\"Alojamiento rural La Gitanilla en Los Navalucillos\",\"publisher\":{\"@id\":\"https:\/\/casalagitanilla.es\/#organization\"},\"potentialAction\":[{\"@type\":\"SearchAction\",\"target\":{\"@type\":\"EntryPoint\",\"urlTemplate\":\"https:\/\/casalagitanilla.es\/?s={search_term_string}\"},\"query-input\":{\"@type\":\"PropertyValueSpecification\",\"valueRequired\":true,\"valueName\":\"search_term_string\"}}],\"inLanguage\":\"es\"},{\"@type\":\"Organization\",\"@id\":\"https:\/\/casalagitanilla.es\/#organization\",\"name\":\"La gitanilla\",\"url\":\"https:\/\/casalagitanilla.es\/\",\"logo\":{\"@type\":\"ImageObject\",\"inLanguage\":\"es\",\"@id\":\"https:\/\/casalagitanilla.es\/#\/schema\/logo\/image\/\",\"url\":\"https:\/\/casalagitanilla.es\/wp-content\/uploads\/2021\/10\/LogoMakr2.png\",\"contentUrl\":\"https:\/\/casalagitanilla.es\/wp-content\/uploads\/2021\/10\/LogoMakr2.png\",\"width\":394,\"height\":151,\"caption\":\"La gitanilla\"},\"image\":{\"@id\":\"https:\/\/casalagitanilla.es\/#\/schema\/logo\/image\/\"}}]}<\/script>\n<!-- \/ Yoast SEO plugin. -->","yoast_head_json":{"title":"Tarifas - Apartamentos tur\u00edsticos rurales La Gitanilla","description":"Los apartamentos tur\u00edsticos rurales La Gitanilla est\u00e1n totalmente equipados. Se encuentran en una gran finca con vistas a la monta\u00f1a.","robots":{"index":"index","follow":"follow","max-snippet":"max-snippet:-1","max-image-preview":"max-image-preview:large","max-video-preview":"max-video-preview:-1"},"canonical":"https:\/\/casalagitanilla.es\/index.php\/tarifas\/","og_locale":"es_ES","og_type":"article","og_title":"Tarifas - Apartamentos tur\u00edsticos rurales La Gitanilla","og_description":"Los apartamentos tur\u00edsticos rurales La Gitanilla est\u00e1n totalmente equipados. Se encuentran en una gran finca con vistas a la monta\u00f1a.","og_url":"https:\/\/casalagitanilla.es\/index.php\/tarifas\/","og_site_name":"La gitanilla","article_modified_time":"2021-10-02T10:44:49+00:00","og_image":[{"width":2560,"height":1920,"url":"https:\/\/casalagitanilla.es\/wp-content\/uploads\/2021\/03\/DSCF5266-scaled.jpg","type":"image\/jpeg"}],"twitter_card":"summary_large_image","twitter_misc":{"Tiempo de lectura":"1 minuto"},"schema":{"@context":"https:\/\/schema.org","@graph":[{"@type":"WebPage","@id":"https:\/\/casalagitanilla.es\/index.php\/tarifas\/","url":"https:\/\/casalagitanilla.es\/index.php\/tarifas\/","name":"Tarifas - Apartamentos tur\u00edsticos rurales La Gitanilla","isPartOf":{"@id":"https:\/\/casalagitanilla.es\/#website"},"primaryImageOfPage":{"@id":"https:\/\/casalagitanilla.es\/index.php\/tarifas\/#primaryimage"},"image":{"@id":"https:\/\/casalagitanilla.es\/index.php\/tarifas\/#primaryimage"},"thumbnailUrl":"https:\/\/casalagitanilla.es\/wp-content\/uploads\/2021\/03\/DSCF5266-scaled.jpg","datePublished":"2021-03-02T20:15:35+00:00","dateModified":"2021-10-02T10:44:49+00:00","description":"Los apartamentos tur\u00edsticos rurales La Gitanilla est\u00e1n totalmente equipados. Se encuentran en una gran finca con vistas a la monta\u00f1a.","breadcrumb":{"@id":"https:\/\/casalagitanilla.es\/index.php\/tarifas\/#breadcrumb"},"inLanguage":"es","potentialAction":[{"@type":"ReadAction","target":["https:\/\/casalagitanilla.es\/index.php\/tarifas\/"]}]},{"@type":"ImageObject","inLanguage":"es","@id":"https:\/\/casalagitanilla.es\/index.php\/tarifas\/#primaryimage","url":"https:\/\/casalagitanilla.es\/wp-content\/uploads\/2021\/03\/DSCF5266-scaled.jpg","contentUrl":"https:\/\/casalagitanilla.es\/wp-content\/uploads\/2021\/03\/DSCF5266-scaled.jpg","width":2560,"height":1920},{"@type":"BreadcrumbList","@id":"https:\/\/casalagitanilla.es\/index.php\/tarifas\/#breadcrumb","itemListElement":[{"@type":"ListItem","position":1,"name":"Portada","item":"https:\/\/casalagitanilla.es\/"},{"@type":"ListItem","position":2,"name":"Tarifas"}]},{"@type":"WebSite","@id":"https:\/\/casalagitanilla.es\/#website","url":"https:\/\/casalagitanilla.es\/","name":"La gitanilla","description":"Alojamiento rural La Gitanilla en Los Navalucillos","publisher":{"@id":"https:\/\/casalagitanilla.es\/#organization"},"potentialAction":[{"@type":"SearchAction","target":{"@type":"EntryPoint","urlTemplate":"https:\/\/casalagitanilla.es\/?s={search_term_string}"},"query-input":{"@type":"PropertyValueSpecification","valueRequired":true,"valueName":"search_term_string"}}],"inLanguage":"es"},{"@type":"Organization","@id":"https:\/\/casalagitanilla.es\/#organization","name":"La gitanilla","url":"https:\/\/casalagitanilla.es\/","logo":{"@type":"ImageObject","inLanguage":"es","@id":"https:\/\/casalagitanilla.es\/#\/schema\/logo\/image\/","url":"https:\/\/casalagitanilla.es\/wp-content\/uploads\/2021\/10\/LogoMakr2.png","contentUrl":"https:\/\/casalagitanilla.es\/wp-content\/uploads\/2021\/10\/LogoMakr2.png","width":394,"height":151,"caption":"La gitanilla"},"image":{"@id":"https:\/\/casalagitanilla.es\/#\/schema\/logo\/image\/"}}]}},"_links":{"self":[{"href":"https:\/\/casalagitanilla.es\/index.php\/wp-json\/wp\/v2\/pages\/1221","targetHints":{"allow":["GET"]}}],"collection":[{"href":"https:\/\/casalagitanilla.es\/index.php\/wp-json\/wp\/v2\/pages"}],"about":[{"href":"https:\/\/casalagitanilla.es\/index.php\/wp-json\/wp\/v2\/types\/page"}],"author":[{"embeddable":true,"href":"https:\/\/casalagitanilla.es\/index.php\/wp-json\/wp\/v2\/users\/1"}],"replies":[{"embeddable":true,"href":"https:\/\/casalagitanilla.es\/index.php\/wp-json\/wp\/v2\/comments?post=1221"}],"version-history":[{"count":20,"href":"https:\/\/casalagitanilla.es\/index.php\/wp-json\/wp\/v2\/pages\/1221\/revisions"}],"predecessor-version":[{"id":1479,"href":"https:\/\/casalagitanilla.es\/index.php\/wp-json\/wp\/v2\/pages\/1221\/revisions\/1479"}],"wp:featuredmedia":[{"embeddable":true,"href":"https:\/\/casalagitanilla.es\/index.php\/wp-json\/wp\/v2\/media\/533"}],"wp:attachment":[{"href":"https:\/\/casalagitanilla.es\/index.php\/wp-json\/wp\/v2\/media?parent=1221"}],"curies":[{"name":"wp","href":"https:\/\/api.w.org\/{rel}","templated":true}]}}